{"id":349,"date":"2020-04-28T08:57:27","date_gmt":"2020-04-28T08:57:27","guid":{"rendered":"https:\/\/virtacoach.com\/?page_id=349"},"modified":"2020-05-28T11:19:57","modified_gmt":"2020-05-28T09:19:57","slug":"systemova-podpora-osobneho-a-odborneho-rozvoja","status":"publish","type":"page","link":"https:\/\/sk.virtacoach.com\/index.php\/systemova-podpora-osobneho-a-odborneho-rozvoja\/","title":{"rendered":"Syst\u00e9mov\u00e1 podpora osobn\u00e9ho a odborn\u00e9ho rozvoja"},"content":{"rendered":"\n<p>Ka\u017ed\u00e1 \u010dinnos\u0165, osobn\u00e1 , \u010di odborn\u00e1, nar\u00e1\u017ea na limity. Technol\u00f3gie tu s\u00fa na to, aby n\u00e1m tie limity trocha posunuli. <\/p>\n\n\n\n<blockquote class=\"wp-block-quote is-layout-flow wp-block-quote-is-layout-flow\"><p>Pou\u017eite VIRTA Coach a posko\u010dte o level vy\u0161\u0161ie pri svojej slu\u017ebe mentoringu alebo kou\u010dingu.<\/p><\/blockquote>\n\n\n\n<h2 class=\"wp-block-heading\"><a href=\"https:\/\/try.virtacoach.com\/\" target=\"_blank\" rel=\"noreferrer noopener\">Prejs\u0165 na demo port\u00e1l<\/a><\/h2>\n\n\n\n<p>VIRTA Coach zast\u00e1va tieto role v procese rozvoja:<\/p>\n\n\n\n<ul class=\"wp-block-list\"><li>Pl\u00e1novanie rozvojov\u00fdch m\u00e1p<\/li><li>Tvorba osobn\u00fdch pl\u00e1nov<\/li><li>Distrib\u00facia vzdel\u00e1vacieho obsahu<\/li><li>Realiz\u00e1cia online synchr\u00f3nnej aj asynchr\u00f3nnej komunik\u00e1cie<\/li><li>Evidencia a z\u00e1pisy s osobn\u00fdch seden\u00ed a eventov<\/li><li>Komunika\u010dn\u00e9 pl\u00e1ny vr\u00e1tane engagement strat\u00e9gi\u00ed<\/li><li>Vyhodnocovanie a reportovanie progresu<\/li><li>Integr\u00e1cia syst\u00e9mov riadiacich sp\u00f4sobilosti a kompetencie<\/li><\/ul>\n\n\n\n<div class=\"wp-block-jetpack-slideshow aligncenter\" data-effect=\"slide\"><div class=\"wp-block-jetpack-slideshow_container swiper-container\"><ul class=\"wp-block-jetpack-slideshow_swiper-wrapper swiper-wrapper\"><li class=\"wp-block-jetpack-slideshow_slide swiper-slide\"><figure><img decoding=\"async\" alt=\"\" class=\"wp-block-jetpack-slideshow_image wp-image-362\" data-id=\"362\" src=\"https:\/\/virtacoach.com\/wp-content\/uploads\/2020\/05\/1.png\"\/><\/figure><\/li><li class=\"wp-block-jetpack-slideshow_slide swiper-slide\"><figure><img decoding=\"async\" alt=\"\" class=\"wp-block-jetpack-slideshow_image wp-image-364\" data-id=\"364\" src=\"https:\/\/virtacoach.com\/wp-content\/uploads\/2020\/05\/2.png\"\/><\/figure><\/li><li class=\"wp-block-jetpack-slideshow_slide swiper-slide\"><figure><img decoding=\"async\" alt=\"\" class=\"wp-block-jetpack-slideshow_image wp-image-365\" data-id=\"365\" src=\"https:\/\/virtacoach.com\/wp-content\/uploads\/2020\/05\/3.png\"\/><\/figure><\/li><li class=\"wp-block-jetpack-slideshow_slide swiper-slide\"><figure><img decoding=\"async\" alt=\"\" class=\"wp-block-jetpack-slideshow_image wp-image-366\" data-id=\"366\" src=\"https:\/\/virtacoach.com\/wp-content\/uploads\/2020\/05\/4.png\"\/><\/figure><\/li><li class=\"wp-block-jetpack-slideshow_slide swiper-slide\"><figure><img decoding=\"async\" alt=\"\" class=\"wp-block-jetpack-slideshow_image wp-image-368\" data-id=\"368\" src=\"https:\/\/virtacoach.com\/wp-content\/uploads\/2020\/05\/k.png\"\/><\/figure><\/li><li class=\"wp-block-jetpack-slideshow_slide swiper-slide\"><figure><img decoding=\"async\" alt=\"\" class=\"wp-block-jetpack-slideshow_image wp-image-369\" data-id=\"369\" src=\"https:\/\/virtacoach.com\/wp-content\/uploads\/2020\/05\/o.png\"\/><\/figure><\/li><\/ul><a class=\"wp-block-jetpack-slideshow_button-prev swiper-button-prev swiper-button-white\" role=\"button\"><\/a><a class=\"wp-block-jetpack-slideshow_button-next swiper-button-next swiper-button-white\" role=\"button\"><\/a><a aria-label=\"Pause Slideshow\" class=\"wp-block-jetpack-slideshow_button-pause\" role=\"button\"><\/a><div class=\"wp-block-jetpack-slideshow_pagination swiper-pagination swiper-pagination-white\"><\/div><\/div><\/div>\n\n\n\n<figure class=\"wp-block-image size-large\"><img decoding=\"async\" src=\"https:\/\/virtacoach.com\/wp-content\/uploads\/2020\/04\/proces2.png\" alt=\"\" class=\"wp-image-356\"\/><\/figure>\n\n\n\n<p>Prezrite si obrazovky a funkcionality syst\u00e9mu tu: <a href=\"https:\/\/virtacoach.com\/content\/coach\/\">uk\u00e1\u017eka syst\u00e9mu<\/a><\/p>\n\n\n\n<h2 class=\"wp-block-heading\">Firemn\u00e1 integr\u00e1cia<\/h2>\n\n\n\n<p>Rie\u0161enie VIRTA Coach m\u00e1 teraz integr\u00e1ciu do rie\u0161enia <a rel=\"noreferrer noopener\" href=\"https:\/\/firemnauniverzita.sk\/index.php\" target=\"_blank\">Firemn\u00e1 univerzita<\/a> tak, aby ho bolo mo\u017en\u00e9 vyu\u017ei\u0165 vo firemn\u00fdch vzdel\u00e1vac\u00edch strat\u00e9gi\u00e1ch. Tie\u017e sa m\u00f4\u017ee sta\u0165 s\u00fa\u010das\u0165ou firemn\u00fdch strat\u00e9gi\u00ed zlep\u0161ovania a inov\u00e1ci\u00ed. <\/p>\n\n\n\n<h2 class=\"wp-block-heading\">Technick\u00e9 integr\u00e1cie<\/h2>\n\n\n\n<p>V z\u00e1kladnom setupe s\u00fa k dispoz\u00edcii mailov\u00e9 slu\u017eby notifik\u00e1ci\u00ed, online techtov\u00fd chat, dskusn\u00e9 f\u00f3rum, online meetingy Microsoft Teams, meetingy cez Zoom a WebEx Meeting.<\/p>\n\n\n\n<figure class=\"wp-block-image size-large\"><img loading=\"lazy\" decoding=\"async\" width=\"480\" height=\"795\" src=\"https:\/\/sk.virtacoach.com\/wp-content\/uploads\/2020\/05\/act.jpg\" alt=\"\" class=\"wp-image-383\" srcset=\"https:\/\/sk.virtacoach.com\/wp-content\/uploads\/2020\/05\/act.jpg 480w, https:\/\/sk.virtacoach.com\/wp-content\/uploads\/2020\/05\/act-181x300.jpg 181w\" sizes=\"auto, (max-width: 480px) 100vw, 480px\" \/><\/figure>\n\n\n\n<p><\/p>\n","protected":false},"excerpt":{"rendered":"<p>Ka\u017ed\u00e1 \u010dinnos\u0165, osobn\u00e1 , \u010di odborn\u00e1, nar\u00e1\u017ea na limity. Technol\u00f3gie tu s\u00fa na to, aby n\u00e1m tie limity trocha posunuli. Pou\u017eite VIRTA Coach a posko\u010dte o level vy\u0161\u0161ie pri svojej slu\u017ebe mentoringu alebo kou\u010dingu. Prejs\u0165 na demo port\u00e1l VIRTA Coach zast\u00e1va tieto role v procese rozvoja: Pl\u00e1novanie rozvojov\u00fdch m\u00e1p Tvorba osobn\u00fdch pl\u00e1nov Distrib\u00facia vzdel\u00e1vacieho obsahu &hellip; <\/p>\n<p class=\"link-more\"><a href=\"https:\/\/sk.virtacoach.com\/index.php\/systemova-podpora-osobneho-a-odborneho-rozvoja\/\" class=\"more-link\">Pokra\u010dova\u0165 v \u010d\u00edtan\u00ed<span class=\"screen-reader-text\"> &#8222;Syst\u00e9mov\u00e1 podpora osobn\u00e9ho a odborn\u00e9ho rozvoja&#8220;<\/span><\/a><\/p>\n","protected":false},"author":1,"featured_media":386,"parent":0,"menu_order":0,"comment_status":"closed","ping_status":"closed","template":"","meta":{"footnotes":""},"class_list":["post-349","page","type-page","status-publish","has-post-thumbnail","hentry"],"jetpack_sharing_enabled":true,"_links":{"self":[{"href":"https:\/\/sk.virtacoach.com\/index.php\/wp-json\/wp\/v2\/pages\/349","targetHints":{"allow":["GET"]}}],"collection":[{"href":"https:\/\/sk.virtacoach.com\/index.php\/wp-json\/wp\/v2\/pages"}],"about":[{"href":"https:\/\/sk.virtacoach.com\/index.php\/wp-json\/wp\/v2\/types\/page"}],"author":[{"embeddable":true,"href":"https:\/\/sk.virtacoach.com\/index.php\/wp-json\/wp\/v2\/users\/1"}],"replies":[{"embeddable":true,"href":"https:\/\/sk.virtacoach.com\/index.php\/wp-json\/wp\/v2\/comments?post=349"}],"version-history":[{"count":6,"href":"https:\/\/sk.virtacoach.com\/index.php\/wp-json\/wp\/v2\/pages\/349\/revisions"}],"predecessor-version":[{"id":397,"href":"https:\/\/sk.virtacoach.com\/index.php\/wp-json\/wp\/v2\/pages\/349\/revisions\/397"}],"wp:featuredmedia":[{"embeddable":true,"href":"https:\/\/sk.virtacoach.com\/index.php\/wp-json\/wp\/v2\/media\/386"}],"wp:attachment":[{"href":"https:\/\/sk.virtacoach.com\/index.php\/wp-json\/wp\/v2\/media?parent=349"}],"curies":[{"name":"wp","href":"https:\/\/api.w.org\/{rel}","templated":true}]}}