{"id":34,"date":"2017-06-26T21:28:17","date_gmt":"2017-06-26T21:28:17","guid":{"rendered":"http:\/\/virtacoach.com\/?page_id=8"},"modified":"2020-05-28T11:12:47","modified_gmt":"2020-05-28T09:12:47","slug":"about","status":"publish","type":"page","link":"https:\/\/sk.virtacoach.com\/index.php\/about\/","title":{"rendered":"O rie\u0161en\u00ed"},"content":{"rendered":"<p>Dlhodob\u00e1 a s\u00fastavn\u00e1 podpora na dia\u013eku pre \u00fa\u010dastn\u00edkov osobn\u00e9ho alebo odborn\u00e9ho rozvoja.<br \/>Online aktivity na udr\u017eanie kontinuity a motiv\u00e1cie k neust\u00e1lemu zlep\u0161ovaniu.<\/p>\n\n\n<h2 class=\"wp-block-heading\">Platforma pre riadenie dod\u00e1vky slu\u017eby<\/h2>\n\n\n\n<p>Podpora procesu dod\u00e1vky slu\u017eby, vr\u00e1tane podporn\u00fdch n\u00e1strojov pre online komunik\u00e1ciu a rozvojov\u00fdch aktiv\u00edt<\/p>\n\n\n\n<h2 class=\"wp-block-heading\">Slu\u017eba okam\u017eitej reakcie<\/h2>\n\n\n\n<p>24\/7 dostupn\u00fd kontaktn\u00fd bod s vysoko prisp\u00f4soben\u00fdm AI chatbotom vr\u00e1tane podpory pre pl\u00e1n osobn\u00e9ho rozvoja, osobn\u00fd s\u00fabor \u00faloh a mapovanie nadob\u00fadania sp\u00f4sobilost\u00ed.<\/p>\n\n\n\n<h2 class=\"wp-block-heading\">Starostlivos\u0165 o udr\u017eanie vedomost\u00ed<\/h2>\n\n\n\n<p>Robustn\u00fd komunika\u010dn\u00fd model s dlhodob\u00fdm pl\u00e1novan\u00edm na doru\u010dovanie mikro\u00faloh udr\u017euj\u00facich vedomosti. Zah\u0155\u0148a tie\u017e reakcie na hodnotenie a behavior\u00e1lne modely odpoved\u00ed v dynamicky generovan\u00fdch pl\u00e1noch \u00faloh.<\/p>\n\n\n\n<h2 class=\"wp-block-heading\">Podpora inova\u010dn\u00fdch procesov<\/h2>\n\n\n\n<p>Monitorovanie inova\u010dn\u00fdch iniciat\u00edv, ich v\u00fdvoj a s\u00fa\u010dasn\u00fd stav. Je ich mo\u017en\u00e9 integrova\u0165 do modelu benefitov alebo do produk\u010dn\u00fdch syst\u00e9mov v BI organiz\u00e1cie.<\/p>\n","protected":false},"excerpt":{"rendered":"<p>Dlhodob\u00e1 a s\u00fastavn\u00e1 podpora na dia\u013eku pre \u00fa\u010dastn\u00edkov osobn\u00e9ho alebo odborn\u00e9ho rozvoja.Online aktivity na udr\u017eanie kontinuity a motiv\u00e1cie k neust\u00e1lemu zlep\u0161ovaniu. Platforma pre riadenie dod\u00e1vky slu\u017eby Podpora procesu dod\u00e1vky slu\u017eby, vr\u00e1tane podporn\u00fdch n\u00e1strojov pre online komunik\u00e1ciu a rozvojov\u00fdch aktiv\u00edt Slu\u017eba okam\u017eitej reakcie 24\/7 dostupn\u00fd kontaktn\u00fd bod s vysoko prisp\u00f4soben\u00fdm AI chatbotom vr\u00e1tane podpory pre pl\u00e1n &hellip; <\/p>\n<p class=\"link-more\"><a href=\"https:\/\/sk.virtacoach.com\/index.php\/about\/\" class=\"more-link\">Pokra\u010dova\u0165 v \u010d\u00edtan\u00ed<span class=\"screen-reader-text\"> &#8222;O rie\u0161en\u00ed&#8220;<\/span><\/a><\/p>\n","protected":false},"author":1,"featured_media":361,"parent":0,"menu_order":0,"comment_status":"closed","ping_status":"closed","template":"","meta":{"footnotes":""},"class_list":["post-34","page","type-page","status-publish","has-post-thumbnail","hentry"],"jetpack_sharing_enabled":true,"_links":{"self":[{"href":"https:\/\/sk.virtacoach.com\/index.php\/wp-json\/wp\/v2\/pages\/34","targetHints":{"allow":["GET"]}}],"collection":[{"href":"https:\/\/sk.virtacoach.com\/index.php\/wp-json\/wp\/v2\/pages"}],"about":[{"href":"https:\/\/sk.virtacoach.com\/index.php\/wp-json\/wp\/v2\/types\/page"}],"author":[{"embeddable":true,"href":"https:\/\/sk.virtacoach.com\/index.php\/wp-json\/wp\/v2\/users\/1"}],"replies":[{"embeddable":true,"href":"https:\/\/sk.virtacoach.com\/index.php\/wp-json\/wp\/v2\/comments?post=34"}],"version-history":[{"count":3,"href":"https:\/\/sk.virtacoach.com\/index.php\/wp-json\/wp\/v2\/pages\/34\/revisions"}],"predecessor-version":[{"id":393,"href":"https:\/\/sk.virtacoach.com\/index.php\/wp-json\/wp\/v2\/pages\/34\/revisions\/393"}],"wp:featuredmedia":[{"embeddable":true,"href":"https:\/\/sk.virtacoach.com\/index.php\/wp-json\/wp\/v2\/media\/361"}],"wp:attachment":[{"href":"https:\/\/sk.virtacoach.com\/index.php\/wp-json\/wp\/v2\/media?parent=34"}],"curies":[{"name":"wp","href":"https:\/\/api.w.org\/{rel}","templated":true}]}}