{"id":33,"date":"2017-06-26T21:28:17","date_gmt":"2017-06-26T21:28:17","guid":{"rendered":"http:\/\/virtacoach.com\/?page_id=7"},"modified":"2020-05-28T11:16:20","modified_gmt":"2020-05-28T09:16:20","slug":"home","status":"publish","type":"page","link":"https:\/\/sk.virtacoach.com\/","title":{"rendered":"Roz\u0161\u00edrte svoje p\u00f4sobenie v mentoringu a kou\u010dingu"},"content":{"rendered":"<div class=\"tlid-input input\">\n<div class=\"source-wrap\">\n<div class=\"input-full-height-wrapper tlid-input-full-height-wrapper\">\n<div class=\"source-input\">\n<div class=\"source-footer-wrap source-or-target-footer\">\n<div class=\"character-count tlid-character-count\">\u00a0<\/div>\n<\/div>\n<\/div>\n<\/div>\n<\/div>\n<\/div>\n<div class=\"tlid-results-container results-container\">\n<div class=\"tlid-result result-dict-wrapper\">\n<div class=\"result tlid-copy-target\">\n<div class=\"result-header\">\n<div class=\"starbutton jfk-button-flat jfk-button unstarred\" tabindex=\"0\" role=\"button\" aria-label=\"Ozna\u010di\u0165 preklad hviezdi\u010dkou\" data-tooltip=\"Ozna\u010di\u0165 preklad hviezdi\u010dkou\" data-tooltip-align=\"t,c\">\n<div class=\"jfk-button-img\"><span class=\"\" style=\"font-size: 1rem;\" title=\"\">Tradi\u010dn\u00fd mentoring a kou\u010ding si vy\u017eaduje pr\u00edtomnos\u0165 mentora alebo kou\u010da na mieste poskytovania slu\u017eby.<\/span> <span class=\"\" style=\"font-size: 1rem;\" title=\"\">Po\u017eiadavky na pr\u00edtomnos\u0165 tr\u00e9nera s\u00fa v\u0161ak typicky ove\u013ea v\u00e4\u010d\u0161ie ako jeho fyzick\u00e1 dostupnos\u0165.<\/span><\/div>\n<\/div>\n<\/div>\n<div class=\"text-wrap tlid-copy-target\">\n<div class=\"result-shield-container tlid-copy-target\" tabindex=\"0\"><span class=\"tlid-translation translation\" lang=\"sk\"><span class=\"\" title=\"\">Toto je \u00faloha virtu\u00e1lneho mentora.<\/span> <span class=\"\" title=\"\">Roz\u0161\u00edrte otvoren\u00e9 pr\u00edpady a misie, motivujte k dosahovaniu cie\u013eov a pom\u00e1hajte udr\u017eiava\u0165 spojenie s klientmi.<\/span><\/span><\/div>\n<div tabindex=\"0\">\u00a0<\/div>\n<\/div>\n<\/div>\n<\/div>\n<\/div>\n\n\n<blockquote class=\"wp-block-quote is-layout-flow wp-block-quote-is-layout-flow\"><p>Akcelerujte svoje slu\u017eby na vy\u0161\u0161\u00ed level!<\/p><\/blockquote>\n\n\n\n<div class=\"wp-block-buttons is-layout-flex wp-block-buttons-is-layout-flex\">\n<div class=\"wp-block-button\"><a class=\"wp-block-button__link has-text-color has-background no-border-radius\" href=\"https:\/\/try.virtacoach.com\/\" style=\"background-color:#2d9d88;color:#ffffff\" target=\"_blank\" rel=\"noreferrer noopener\">Otvor demo port\u00e1l<\/a><\/div>\n<\/div>\n","protected":false},"excerpt":{"rendered":"<p>\u00a0 Tradi\u010dn\u00fd mentoring a kou\u010ding si vy\u017eaduje pr\u00edtomnos\u0165 mentora alebo kou\u010da na mieste poskytovania slu\u017eby. Po\u017eiadavky na pr\u00edtomnos\u0165 tr\u00e9nera s\u00fa v\u0161ak typicky ove\u013ea v\u00e4\u010d\u0161ie ako jeho fyzick\u00e1 dostupnos\u0165. Toto je \u00faloha virtu\u00e1lneho mentora. Roz\u0161\u00edrte otvoren\u00e9 pr\u00edpady a misie, motivujte k dosahovaniu cie\u013eov a pom\u00e1hajte udr\u017eiava\u0165 spojenie s klientmi. \u00a0 Akcelerujte svoje slu\u017eby na vy\u0161\u0161\u00ed level!<\/p>\n","protected":false},"author":1,"featured_media":0,"parent":0,"menu_order":0,"comment_status":"closed","ping_status":"closed","template":"","meta":{"footnotes":""},"class_list":["post-33","page","type-page","status-publish","hentry"],"jetpack_sharing_enabled":true,"_links":{"self":[{"href":"https:\/\/sk.virtacoach.com\/index.php\/wp-json\/wp\/v2\/pages\/33","targetHints":{"allow":["GET"]}}],"collection":[{"href":"https:\/\/sk.virtacoach.com\/index.php\/wp-json\/wp\/v2\/pages"}],"about":[{"href":"https:\/\/sk.virtacoach.com\/index.php\/wp-json\/wp\/v2\/types\/page"}],"author":[{"embeddable":true,"href":"https:\/\/sk.virtacoach.com\/index.php\/wp-json\/wp\/v2\/users\/1"}],"replies":[{"embeddable":true,"href":"https:\/\/sk.virtacoach.com\/index.php\/wp-json\/wp\/v2\/comments?post=33"}],"version-history":[{"count":3,"href":"https:\/\/sk.virtacoach.com\/index.php\/wp-json\/wp\/v2\/pages\/33\/revisions"}],"predecessor-version":[{"id":395,"href":"https:\/\/sk.virtacoach.com\/index.php\/wp-json\/wp\/v2\/pages\/33\/revisions\/395"}],"wp:attachment":[{"href":"https:\/\/sk.virtacoach.com\/index.php\/wp-json\/wp\/v2\/media?parent=33"}],"curies":[{"name":"wp","href":"https:\/\/api.w.org\/{rel}","templated":true}]}}